{"id":697,"date":"2022-10-13T10:13:40","date_gmt":"2022-10-13T08:13:40","guid":{"rendered":"https:\/\/klariumliving.com\/about-us\/"},"modified":"2022-10-13T10:16:08","modified_gmt":"2022-10-13T08:16:08","slug":"sobre-nosotros","status":"publish","type":"page","link":"https:\/\/klariumliving.com\/es\/sobre-nosotros\/","title":{"rendered":"Sobre Nosotros"},"content":{"rendered":"\n<div class=\"wp-block-group container\"><div class=\"wp-block-group__inner-container is-layout-flow wp-block-group-is-layout-flow\">\n<h1 class=\"has-text-align-center wp-block-heading\">Sobre Nosotros<\/h1>\n\n\n\n<p>En Klarium somos consultores especialistas en el desarrollo de proyectos inmobiliarios incluyendo residencial, comercial, log\u00edstico y residencial secundario tanto de estudiantes como de la tercera edad. Nos avalan m\u00e1s de 30 a\u00f1os de experiencia, desde nuestra oficina principal en Marbella, abarcamos principalmente la Costa del Sol, pero tambi\u00e9n el resto de Espa\u00f1a.<\/p>\n\n\n\n<p>Participamos activamente en la venta de propiedades en dificultades y en inversiones inmobiliarias a largo plazo. Tambi\u00e9n nos centramos en la venta y gesti\u00f3n de inmuebles en alquiler. Nuestros servicios tambi\u00e9n incluyen la venta de propiedades comerciales y terrenos para el desarrollo, as\u00ed como la prestaci\u00f3n de diversos servicios de consultor\u00eda para inversores y promotores.<\/p>\n\n\n\n<p>Nuestros principales clientes y\/o colaboradores son, entre otros, bancos, la Sareb, promotoras inmobiliarias, fondos de inversi\u00f3n (tanto internacionales como nacionales), family offices e inversores privados.<\/p>\n<\/div><\/div>\n","protected":false},"excerpt":{"rendered":"<p>Sobre Nosotros En Klarium somos consultores especialistas en el desarrollo de proyectos inmobiliarios incluyendo residencial, comercial, log\u00edstico y residencial secundario tanto de estudiantes como de la tercera edad. Nos avalan m\u00e1s de 30 a\u00f1os de&#8230;<\/p>\n","protected":false},"author":3,"featured_media":0,"parent":0,"menu_order":0,"comment_status":"closed","ping_status":"closed","template":"","meta":{"_uag_custom_page_level_css":"","footnotes":""},"class_list":["post-697","page","type-page","status-publish","hentry"],"aioseo_notices":[],"uagb_featured_image_src":{"full":false,"thumbnail":false,"medium":false,"medium_large":false,"large":false,"1536x1536":false,"2048x2048":false,"big-size":false},"uagb_author_info":{"display_name":"Imagen Consulting","author_link":"https:\/\/klariumliving.com\/es\/author\/kl4r1umwp4dm\/"},"uagb_comment_info":0,"uagb_excerpt":"Sobre Nosotros En Klarium somos consultores especialistas en el desarrollo de proyectos inmobiliarios incluyendo residencial, comercial, log\u00edstico y residencial secundario tanto de estudiantes como de la tercera edad. Nos avalan m\u00e1s de 30 a\u00f1os de...","_links":{"self":[{"href":"https:\/\/klariumliving.com\/es\/wp-json\/wp\/v2\/pages\/697","targetHints":{"allow":["GET"]}}],"collection":[{"href":"https:\/\/klariumliving.com\/es\/wp-json\/wp\/v2\/pages"}],"about":[{"href":"https:\/\/klariumliving.com\/es\/wp-json\/wp\/v2\/types\/page"}],"author":[{"embeddable":true,"href":"https:\/\/klariumliving.com\/es\/wp-json\/wp\/v2\/users\/3"}],"replies":[{"embeddable":true,"href":"https:\/\/klariumliving.com\/es\/wp-json\/wp\/v2\/comments?post=697"}],"version-history":[{"count":1,"href":"https:\/\/klariumliving.com\/es\/wp-json\/wp\/v2\/pages\/697\/revisions"}],"predecessor-version":[{"id":698,"href":"https:\/\/klariumliving.com\/es\/wp-json\/wp\/v2\/pages\/697\/revisions\/698"}],"wp:attachment":[{"href":"https:\/\/klariumliving.com\/es\/wp-json\/wp\/v2\/media?parent=697"}],"curies":[{"name":"wp","href":"https:\/\/api.w.org\/{rel}","templated":true}]}}